{"id":112,"date":"2019-05-13T12:26:31","date_gmt":"2019-05-13T10:26:31","guid":{"rendered":"http:\/\/gildasfablet.fr\/?page_id=112"},"modified":"2019-06-10T11:01:57","modified_gmt":"2019-06-10T09:01:57","slug":"ecriture","status":"publish","type":"page","link":"https:\/\/gildasfablet.fr\/?page_id=112","title":{"rendered":"\u00c9criture"},"content":{"rendered":"\n<figure class=\"wp-block-image is-resized\"><img loading=\"lazy\" decoding=\"async\" src=\"http:\/\/gildasfablet.fr\/wp-content\/uploads\/photo-gallery\/imported_from_media_libray\/SITE_logoVEI2.png\" alt=\"\" class=\"wp-image-177\" width=\"92\" height=\"92\" srcset=\"https:\/\/gildasfablet.fr\/wp-content\/uploads\/photo-gallery\/imported_from_media_libray\/SITE_logoVEI2.png 1024w, https:\/\/gildasfablet.fr\/wp-content\/uploads\/photo-gallery\/imported_from_media_libray\/SITE_logoVEI2-150x150.png 150w, https:\/\/gildasfablet.fr\/wp-content\/uploads\/photo-gallery\/imported_from_media_libray\/SITE_logoVEI2-300x300.png 300w, https:\/\/gildasfablet.fr\/wp-content\/uploads\/photo-gallery\/imported_from_media_libray\/SITE_logoVEI2-768x768.png 768w, https:\/\/gildasfablet.fr\/wp-content\/uploads\/photo-gallery\/imported_from_media_libray\/SITE_logoVEI2-650x650.png 650w\" sizes=\"auto, (max-width: 92px) 100vw, 92px\" \/><\/figure>\n\n\n\n<p><strong>Vous \u00cates Ici<\/strong><br>saison 1 : Escape Game en r\u00e9alit\u00e9 virtuelle sur les toits de Paris <br>saison 2 : VR s\u00e9rie de reportages dans Paris<br>Conception, sc\u00e9narisation, d\u00e9veloppement, recherche de financement et de partenaires<\/p>\n\n\n\n<div class=\"wp-block-file\"><a href=\"http:\/\/gildasfablet.fr\/wp-content\/uploads\/photo-gallery\/imported_from_media_libray\/VEI_pdf_presentation.jpg\">VEI_pdf_presentation<\/a><a href=\"http:\/\/gildasfablet.fr\/wp-content\/uploads\/photo-gallery\/imported_from_media_libray\/VEI_pdf_presentation.jpg\" class=\"wp-block-file__button\" download>T\u00e9l\u00e9charger<\/a><\/div>\n\n\n\n<p>&#8212;&#8212;&#8212;&#8212;&#8212;&#8212;&#8212;&#8212;&#8212;&#8212;&#8212;&#8212;&#8212;&#8212;&#8212;&#8212;&#8212;&#8212;&#8212;&#8212;&#8212;&#8212;&#8212;&#8212;&#8212;&#8212;&#8212;&#8212;&#8212;&#8212;&#8212;&#8212;&#8212;&#8212;&#8212;&#8212;&#8212;&#8212;&#8212;<\/p>\n\n\n\n<figure class=\"wp-block-image is-resized\"><img loading=\"lazy\" decoding=\"async\" src=\"http:\/\/gildasfablet.fr\/wp-content\/uploads\/photo-gallery\/imported_from_media_libray\/SITE_logoENCORE.png\" alt=\"\" class=\"wp-image-173\" width=\"93\" height=\"93\" srcset=\"https:\/\/gildasfablet.fr\/wp-content\/uploads\/photo-gallery\/imported_from_media_libray\/SITE_logoENCORE.png 1024w, https:\/\/gildasfablet.fr\/wp-content\/uploads\/photo-gallery\/imported_from_media_libray\/SITE_logoENCORE-150x150.png 150w, https:\/\/gildasfablet.fr\/wp-content\/uploads\/photo-gallery\/imported_from_media_libray\/SITE_logoENCORE-300x300.png 300w, https:\/\/gildasfablet.fr\/wp-content\/uploads\/photo-gallery\/imported_from_media_libray\/SITE_logoENCORE-768x768.png 768w, https:\/\/gildasfablet.fr\/wp-content\/uploads\/photo-gallery\/imported_from_media_libray\/SITE_logoENCORE-650x650.png 650w\" sizes=\"auto, (max-width: 93px) 100vw, 93px\" \/><\/figure>\n\n\n\n<p> <strong>(Encore) une nuit avec un inconnu<\/strong> <br>Court-m\u00e9trage de 6 minutes <br>Sc\u00e9narisation, co-r\u00e9alisation avec Joao Da Silva <br>collection <a aria-label=\"ICI (s\u2019ouvre dans un nouvel onglet)\" href=\"https:\/\/www.youtube.com\/watch?v=WhV21buwSeM&amp;feature=youtu.be\">&#8220;10 Grands Moments de Solitude&#8221;<\/a> &#8211; bande annonce : <a rel=\"noreferrer noopener\" aria-label=\"ICI (s\u2019ouvre dans un nouvel onglet)\" href=\"https:\/\/www.youtube.com\/watch?v=WhV21buwSeM&amp;feature=youtu.be\" target=\"_blank\">ICI<\/a> <br><em><br>Avant-premi\u00e8re \u00e0 l&#8217;Auditorium de l&#8217;H\u00f4tel de Ville de Paris &#8211; le 28\/02\/14  <br>Festival \u00c9crans Mixtes de Lyon &#8211; 05\/03\/14 <br>Festival Queer Palm de Cannes &#8211; 21\/05\/14 <br>Ze Festival de Marseille &#8211; 19\/10\/14<br>Festival Ch\u00e9ries-Ch\u00e9ris de Paris &#8211; 27\/11\/14<br>Sortie dvd en 2015  <\/em><br><\/p>\n\n\n\n<p>&#8212;&#8212;&#8212;&#8212;&#8212;&#8212;&#8212;&#8212;&#8212;&#8212;&#8212;&#8212;&#8212;&#8212;&#8212;&#8212;&#8212;&#8212;&#8212;&#8212;&#8212;&#8212;&#8212;&#8212;&#8212;&#8212;&#8212;&#8212;&#8212;&#8212;&#8212;&#8212;&#8212;&#8212;&#8212;&#8212;&#8212;&#8212;&#8211;<\/p>\n\n\n\n<figure class=\"wp-block-image is-resized\"><img loading=\"lazy\" decoding=\"async\" src=\"http:\/\/gildasfablet.fr\/wp-content\/uploads\/2019\/06\/SITE_logoMYPLAYLIST.png\" alt=\"\" class=\"wp-image-298\" width=\"91\" height=\"91\" srcset=\"https:\/\/gildasfablet.fr\/wp-content\/uploads\/2019\/06\/SITE_logoMYPLAYLIST.png 1024w, https:\/\/gildasfablet.fr\/wp-content\/uploads\/2019\/06\/SITE_logoMYPLAYLIST-150x150.png 150w, https:\/\/gildasfablet.fr\/wp-content\/uploads\/2019\/06\/SITE_logoMYPLAYLIST-300x300.png 300w, https:\/\/gildasfablet.fr\/wp-content\/uploads\/2019\/06\/SITE_logoMYPLAYLIST-768x768.png 768w, https:\/\/gildasfablet.fr\/wp-content\/uploads\/2019\/06\/SITE_logoMYPLAYLIST-650x650.png 650w\" sizes=\"auto, (max-width: 91px) 100vw, 91px\" \/><\/figure>\n\n\n\n<p><strong>Myplaylist.tv<\/strong><br>Projet de web TV<br>Site internet agr\u00e9geant des vid\u00e9os des r\u00e9seaux sociaux sous forme de playlists<\/p>\n\n\n\n<p><\/p>\n\n\n\n<p>&#8212;&#8212;&#8212;&#8212;&#8212;&#8212;&#8212;&#8212;&#8212;&#8212;&#8212;&#8212;&#8212;&#8212;&#8212;&#8212;&#8212;&#8212;&#8212;&#8212;&#8212;&#8212;&#8212;&#8212;&#8212;&#8212;&#8212;&#8212;&#8212;&#8212;&#8212;&#8212;&#8212;&#8212;&#8212;&#8212;&#8212;&#8212;&#8211;<\/p>\n\n\n\n<figure class=\"wp-block-image is-resized\"><img loading=\"lazy\" decoding=\"async\" src=\"http:\/\/gildasfablet.fr\/wp-content\/uploads\/photo-gallery\/imported_from_media_libray\/SITE_logoPARISREMIX.jpg\" alt=\"\" class=\"wp-image-195\" width=\"95\" height=\"95\" srcset=\"https:\/\/gildasfablet.fr\/wp-content\/uploads\/photo-gallery\/imported_from_media_libray\/SITE_logoPARISREMIX.jpg 1024w, https:\/\/gildasfablet.fr\/wp-content\/uploads\/photo-gallery\/imported_from_media_libray\/SITE_logoPARISREMIX-150x150.jpg 150w, https:\/\/gildasfablet.fr\/wp-content\/uploads\/photo-gallery\/imported_from_media_libray\/SITE_logoPARISREMIX-300x300.jpg 300w, https:\/\/gildasfablet.fr\/wp-content\/uploads\/photo-gallery\/imported_from_media_libray\/SITE_logoPARISREMIX-768x768.jpg 768w, https:\/\/gildasfablet.fr\/wp-content\/uploads\/photo-gallery\/imported_from_media_libray\/SITE_logoPARISREMIX-650x650.jpg 650w\" sizes=\"auto, (max-width: 95px) 100vw, 95px\" \/><\/figure>\n\n\n\n<p><strong>L&#8217;essence est devenue pr\u00e9cieuse<\/strong><br>Court-m\u00e9trage de 3 minutes :  <a href=\"https:\/\/www.dailymotion.com\/video\/x7ggcc\">ICI<\/a><br>Finaliste du concours &#8220;Paris Remix&#8221; Dailymotion-Ina<\/p>\n\n\n\n<p><\/p>\n\n\n\n<p>&#8212;&#8212;&#8212;&#8212;&#8212;&#8212;&#8212;&#8212;&#8212;&#8212;&#8212;&#8212;&#8212;&#8212;&#8212;&#8212;&#8212;&#8212;&#8212;&#8212;&#8212;&#8212;&#8212;&#8212;&#8212;&#8212;&#8212;&#8212;&#8212;&#8212;&#8212;&#8212;&#8212;&#8212;&#8212;&#8212;&#8212;&#8212;&#8211;<\/p>\n\n\n\n<figure class=\"wp-block-image is-resized\"><img loading=\"lazy\" decoding=\"async\" src=\"http:\/\/gildasfablet.fr\/wp-content\/uploads\/photo-gallery\/imported_from_media_libray\/SITE_logoGUEUXDENBAS2.png\" alt=\"\" class=\"wp-image-214\" width=\"116\" height=\"116\" srcset=\"https:\/\/gildasfablet.fr\/wp-content\/uploads\/photo-gallery\/imported_from_media_libray\/SITE_logoGUEUXDENBAS2.png 1024w, https:\/\/gildasfablet.fr\/wp-content\/uploads\/photo-gallery\/imported_from_media_libray\/SITE_logoGUEUXDENBAS2-150x150.png 150w, https:\/\/gildasfablet.fr\/wp-content\/uploads\/photo-gallery\/imported_from_media_libray\/SITE_logoGUEUXDENBAS2-300x300.png 300w, https:\/\/gildasfablet.fr\/wp-content\/uploads\/photo-gallery\/imported_from_media_libray\/SITE_logoGUEUXDENBAS2-768x768.png 768w, https:\/\/gildasfablet.fr\/wp-content\/uploads\/photo-gallery\/imported_from_media_libray\/SITE_logoGUEUXDENBAS2-650x650.png 650w\" sizes=\"auto, (max-width: 116px) 100vw, 116px\" \/><\/figure>\n\n\n\n<p><strong>Les Gueux d&#8217;en bas<\/strong><br>Programme court \/ web s\u00e9rie d&#8217;animation 8 x 5 minutes<br>Conception, d\u00e9veloppement de la bible, sc\u00e9narisation, dialogues<\/p>\n\n\n\n<p><\/p>\n\n\n\n<p>&#8212;&#8212;&#8212;&#8212;&#8212;&#8212;&#8212;&#8212;&#8212;&#8212;&#8212;&#8212;&#8212;&#8212;&#8212;&#8212;&#8212;&#8212;&#8212;&#8212;&#8212;&#8212;&#8212;&#8212;&#8212;&#8212;&#8212;&#8212;&#8212;&#8212;&#8212;&#8212;&#8212;&#8212;&#8212;&#8212;&#8212;&#8212;&#8211;<\/p>\n\n\n\n<figure class=\"wp-block-image is-resized\"><img loading=\"lazy\" decoding=\"async\" src=\"http:\/\/gildasfablet.fr\/wp-content\/uploads\/photo-gallery\/imported_from_media_libray\/SITE_logoREMIX.jpg\" alt=\"\" class=\"wp-image-174\" width=\"89\" height=\"89\" srcset=\"https:\/\/gildasfablet.fr\/wp-content\/uploads\/photo-gallery\/imported_from_media_libray\/SITE_logoREMIX.jpg 1024w, https:\/\/gildasfablet.fr\/wp-content\/uploads\/photo-gallery\/imported_from_media_libray\/SITE_logoREMIX-150x150.jpg 150w, https:\/\/gildasfablet.fr\/wp-content\/uploads\/photo-gallery\/imported_from_media_libray\/SITE_logoREMIX-300x300.jpg 300w, https:\/\/gildasfablet.fr\/wp-content\/uploads\/photo-gallery\/imported_from_media_libray\/SITE_logoREMIX-768x768.jpg 768w, https:\/\/gildasfablet.fr\/wp-content\/uploads\/photo-gallery\/imported_from_media_libray\/SITE_logoREMIX-650x650.jpg 650w\" sizes=\"auto, (max-width: 89px) 100vw, 89px\" \/><\/figure>\n\n\n\n<p><strong>Remix transcendant<\/strong><br>Nouvelle remix\u00e9e \u00e0 partir d&#8217;un texte de Fr\u00e9d\u00e9ric Beigbeder<br>Finaliste du concours de r\u00e9\u00e9criture de nouvelles Remix #1 A Nous Paris \/ Hachette<\/p>\n\n\n\n<p>&#8212;&#8212;&#8212;&#8212;&#8212;&#8212;&#8212;&#8212;&#8212;&#8212;&#8212;&#8212;&#8212;&#8212;&#8212;&#8212;&#8212;&#8212;&#8212;&#8212;&#8212;&#8212;&#8212;&#8212;&#8212;&#8212;&#8212;&#8212;&#8212;&#8212;&#8212;&#8212;&#8212;&#8212;&#8212;&#8212;&#8212;&#8212;&#8211;<\/p>\n\n\n\n<p><strong>3 Petits Tours<\/strong><br>Sc\u00e9nario de court-m\u00e9trage \u00e9crit en 24h<br>Finaliste au consortium d&#8217;\u00e9criture CEPI<br><\/p>\n\n\n\n<p style=\"text-align:left\"><\/p>\n","protected":false},"excerpt":{"rendered":"<p>Vous \u00cates Icisaison 1 : Escape Game en r\u00e9alit\u00e9 virtuelle sur les toits de Paris saison 2 : VR s\u00e9rie de reportages dans ParisConception, sc\u00e9narisation, d\u00e9veloppement, recherche de financement et de partenaires &#8212;&#8212;&#8212;&#8212;&#8212;&#8212;&#8212;&#8212;&#8212;&#8212;&#8212;&#8212;&#8212;&#8212;&#8212;&#8212;&#8212;&#8212;&#8212;&#8212;&#8212;&#8212;&#8212;&#8212;&#8212;&#8212;&#8212;&#8212;&#8212;&#8212;&#8212;&#8212;&#8212;&#8212;&#8212;&#8212;&#8212;&#8212;&#8212; (Encore) une nuit avec un inconnu Court-m\u00e9trage [&hellip;]<\/p>\n","protected":false},"author":1,"featured_media":0,"parent":0,"menu_order":0,"comment_status":"closed","ping_status":"closed","template":"","meta":{"footnotes":""},"class_list":["post-112","page","type-page","status-publish","hentry"],"_links":{"self":[{"href":"https:\/\/gildasfablet.fr\/index.php?rest_route=\/wp\/v2\/pages\/112","targetHints":{"allow":["GET"]}}],"collection":[{"href":"https:\/\/gildasfablet.fr\/index.php?rest_route=\/wp\/v2\/pages"}],"about":[{"href":"https:\/\/gildasfablet.fr\/index.php?rest_route=\/wp\/v2\/types\/page"}],"author":[{"embeddable":true,"href":"https:\/\/gildasfablet.fr\/index.php?rest_route=\/wp\/v2\/users\/1"}],"replies":[{"embeddable":true,"href":"https:\/\/gildasfablet.fr\/index.php?rest_route=%2Fwp%2Fv2%2Fcomments&post=112"}],"version-history":[{"count":46,"href":"https:\/\/gildasfablet.fr\/index.php?rest_route=\/wp\/v2\/pages\/112\/revisions"}],"predecessor-version":[{"id":304,"href":"https:\/\/gildasfablet.fr\/index.php?rest_route=\/wp\/v2\/pages\/112\/revisions\/304"}],"wp:attachment":[{"href":"https:\/\/gildasfablet.fr\/index.php?rest_route=%2Fwp%2Fv2%2Fmedia&parent=112"}],"curies":[{"name":"wp","href":"https:\/\/api.w.org\/{rel}","templated":true}]}}