{"id":70,"date":"2019-05-10T16:33:09","date_gmt":"2019-05-10T14:33:09","guid":{"rendered":"http:\/\/gildasfablet.fr\/?page_id=70"},"modified":"2019-06-15T22:00:44","modified_gmt":"2019-06-15T20:00:44","slug":"photo","status":"publish","type":"page","link":"https:\/\/gildasfablet.fr\/","title":{"rendered":"!"},"content":{"rendered":"\n<p><br>Je pratique <a href=\"http:\/\/gildasfablet.fr\/?page_id=112\">l&#8217;<\/a><strong><a href=\"http:\/\/gildasfablet.fr\/?page_id=112\">\u00e9criture<\/a><\/strong> depuis plus de vingt ans, de po\u00e8mes dans un premier temps, puis de nouvelles et de sc\u00e9nario. <br>Je d\u00e9veloppe des histoires, en exp\u00e9rimentant les diff\u00e9rentes formes de narration. <br>Apr\u00e8s avoir d\u00e9velopp\u00e9 des web s\u00e9ries, des concepts de web TV, je me passionne aujourd\u2019hui par les possibilit\u00e9s offertes par la r\u00e9alit\u00e9 virtuelle.  <\/p>\n\n\n\n<p><strong><a href=\"http:\/\/gildasfablet.fr\/?page_id=13\">Photographe<\/a><\/strong> urbain, mon \u0153il se balade dans les rues de Paris \u00e0 l\u2019aff\u00fbt de l\u2019incongru, de ce qui fait notre quotidien ; l&#8217;architecture, l&#8217;art urbain, les vitrines, les encombrants.<br>Je vois l&#8217;espace public comme un livre ouvert sur la soci\u00e9t\u00e9 : ses encombrants parlent de notre soci\u00e9t\u00e9 de consommation, les vitrines refl\u00e8tent les passants et nos envies consum\u00e9ristes, nos fantasmes, etc.<br>L&#8217;architecture et l&#8217;art dans la rue \u00e9veillent notre imagination, en tout cas la mienne.<\/p>\n\n\n\n<p>Impr\u00e9gn\u00e9 par la culture de l&#8217;image et du graphisme, j&#8217;utilise les pages des magazines, les affiches, les plans de m\u00e9tro comme mati\u00e8re premi\u00e8re de mes <strong><a href=\"http:\/\/gildasfablet.fr\/?page_id=22\">collages<\/a><\/strong>. <br>Mon processus de cr\u00e9ation a commenc\u00e9 par une accumulation de visuels, de d\u00e9coupages d&#8217;images que je tente de rendre coh\u00e9rents en les superposant, les m\u00e9langeant, les assemblant. Je travaille autour du carr\u00e9, du cube, du pixel comme unit\u00e9s de mesure de ces images.<br><br><\/p>\n\n\n\n<p><\/p>\n","protected":false},"excerpt":{"rendered":"<p>Je pratique l&#8217;\u00e9criture depuis plus de vingt ans, de po\u00e8mes dans un premier temps, puis de nouvelles et de sc\u00e9nario. Je d\u00e9veloppe des histoires, en exp\u00e9rimentant les diff\u00e9rentes formes de narration. Apr\u00e8s avoir d\u00e9velopp\u00e9 des web s\u00e9ries, des concepts de [&hellip;]<\/p>\n","protected":false},"author":1,"featured_media":0,"parent":0,"menu_order":0,"comment_status":"closed","ping_status":"closed","template":"","meta":{"footnotes":""},"class_list":["post-70","page","type-page","status-publish","hentry"],"_links":{"self":[{"href":"https:\/\/gildasfablet.fr\/index.php?rest_route=\/wp\/v2\/pages\/70","targetHints":{"allow":["GET"]}}],"collection":[{"href":"https:\/\/gildasfablet.fr\/index.php?rest_route=\/wp\/v2\/pages"}],"about":[{"href":"https:\/\/gildasfablet.fr\/index.php?rest_route=\/wp\/v2\/types\/page"}],"author":[{"embeddable":true,"href":"https:\/\/gildasfablet.fr\/index.php?rest_route=\/wp\/v2\/users\/1"}],"replies":[{"embeddable":true,"href":"https:\/\/gildasfablet.fr\/index.php?rest_route=%2Fwp%2Fv2%2Fcomments&post=70"}],"version-history":[{"count":28,"href":"https:\/\/gildasfablet.fr\/index.php?rest_route=\/wp\/v2\/pages\/70\/revisions"}],"predecessor-version":[{"id":305,"href":"https:\/\/gildasfablet.fr\/index.php?rest_route=\/wp\/v2\/pages\/70\/revisions\/305"}],"wp:attachment":[{"href":"https:\/\/gildasfablet.fr\/index.php?rest_route=%2Fwp%2Fv2%2Fmedia&parent=70"}],"curies":[{"name":"wp","href":"https:\/\/api.w.org\/{rel}","templated":true}]}}